{"id":2602,"date":"2021-08-26T14:51:59","date_gmt":"2021-08-26T14:51:59","guid":{"rendered":"https:\/\/masga.com.br\/novo\/?page_id=2602"},"modified":"2021-08-26T14:53:44","modified_gmt":"2021-08-26T14:53:44","slug":"servicos","status":"publish","type":"page","link":"https:\/\/masga.com.br\/novo\/servicos\/","title":{"rendered":"Servi\u00e7os"},"content":{"rendered":"<p>[et_pb_section fb_built=&#8221;1&#8243; _builder_version=&#8221;4.4.5&#8243; background_image=&#8221;https:\/\/masga.com.br\/novo\/wp-content\/uploads\/2021\/08\/site_masga_bg.jpg&#8221; background_position=&#8221;bottom_center&#8221;][et_pb_row _builder_version=&#8221;4.4.5&#8243; custom_padding=&#8221;||199px|||&#8221;][et_pb_column type=&#8221;4_4&#8243; _builder_version=&#8221;4.4.5&#8243;][et_pb_post_title meta=&#8221;off&#8221; featured_image=&#8221;off&#8221; _builder_version=&#8221;4.4.5&#8243; title_font=&#8221;Roboto|900||on|||||&#8221; title_text_align=&#8221;center&#8221; title_font_size=&#8221;65px&#8221; title_font_size_tablet=&#8221;&#8221; title_font_size_phone=&#8221;&#8221; title_font_size_last_edited=&#8221;on|desktop&#8221;][\/et_pb_post_title][\/et_pb_column][\/et_pb_row][\/et_pb_section][et_pb_section fb_built=&#8221;1&#8243; _builder_version=&#8221;4.4.5&#8243; background_color=&#8221;#606062&#8243;][et_pb_row _builder_version=&#8221;4.4.5&#8243;][et_pb_column type=&#8221;4_4&#8243; _builder_version=&#8221;4.4.5&#8243;][et_pb_text _builder_version=&#8221;4.4.5&#8243; background_layout=&#8221;dark&#8221; hover_enabled=&#8221;0&#8243;]<\/p>\n<h3><strong>Engenharia Civil\u00a0<\/strong><\/h3>\n<p>Desenvolvimento de Projetos, C\u00e1lculos, Servi\u00e7os de Topografia, Assessoria T\u00e9cnica Especializada.<\/p>\n<p>Estudo de viabilidade do seu projeto, deste o levantamento de seus documentos at\u00e9 as etapas construtivas, ou seja, desde a elabora\u00e7\u00e3o do projeto at\u00e9 a entrega de sua obra.<\/p>\n<p>Executamos sua obra com precis\u00e3o, qualidade e organiza\u00e7\u00e3o a um custo justo e ainda voc\u00ea tem a garantia de profissionais com mais de\u00a0<em><strong>25 anos de mercado.<\/strong><\/em><\/p>\n<p>Servi\u00e7os de Topografia, levantamento Planialtim\u00e9trico Cadastral, C\u00e1lculos e Projetos de Terraplanagem (movimenta\u00e7\u00e3o de solo).<\/p>\n<p>Implanta\u00e7\u00e3o de Empreendimentos Imobili\u00e1rios (Loteamentos, Edif\u00edcios, Conjuntos Habitacionais, e Unidades Isoladas).<\/p>\n<p>[\/et_pb_text][et_pb_divider _builder_version=&#8221;4.4.5&#8243; hover_enabled=&#8221;0&#8243;][\/et_pb_divider][et_pb_text _builder_version=&#8221;4.4.5&#8243; background_layout=&#8221;dark&#8221; hover_enabled=&#8221;0&#8243;]<\/p>\n<h3><strong>Engenharia de Seguran\u00e7a do Trabalho<\/strong><\/h3>\n<p>An\u00e1lise das condi\u00e7\u00f5es e m\u00e9todos de trabalho industriais e comerciais, visando \u00e0 correta conduta e as condi\u00e7\u00f5es de trabalho, higiene e seguran\u00e7a dos colaboradores.<\/p>\n<p>Desenvolvimento de rotinas cautelares preventivas e corretivas de seguran\u00e7a no trabalho, tamb\u00e9m medidas que\u00a0<strong><u>evitam demandas trabalhistas e c\u00edveis (evitam processos)<\/u><\/strong>.<\/p>\n<p>Projetos de Seguran\u00e7a\u00a0<strong>Preven\u00e7\u00e3o e Combate a Inc\u00eandio \u2013 (Corpo de Bombeiros) para obten\u00e7\u00e3o do\u00a0<u>AVCB<\/u>\u00a0e do\u00a0<u>CLCB<\/u>.<\/strong><\/p>\n<p>[\/et_pb_text][et_pb_divider _builder_version=&#8221;4.4.5&#8243; hover_enabled=&#8221;0&#8243;][\/et_pb_divider][\/et_pb_column][\/et_pb_row][et_pb_row _builder_version=&#8221;4.4.5&#8243;][et_pb_column type=&#8221;4_4&#8243; _builder_version=&#8221;4.4.5&#8243;][et_pb_image src=&#8221;https:\/\/masga.com.br\/novo\/wp-content\/uploads\/2021\/08\/logo_marcelo_png_520_branco.png&#8221; title_text=&#8221;logo_marcelo_png_520_branco&#8221; align=&#8221;center&#8221; _builder_version=&#8221;4.4.5&#8243;][\/et_pb_image][\/et_pb_column][\/et_pb_row][\/et_pb_section][et_pb_section fb_built=&#8221;1&#8243; _builder_version=&#8221;4.4.5&#8243; background_color=&#8221;#0c71c3&#8243; background_color_gradient_direction=&#8221;218deg&#8221; background_enable_image=&#8221;off&#8221; custom_padding=&#8221;55px|||||&#8221; global_module=&#8221;2545&#8243;][et_pb_row _builder_version=&#8221;4.4.7&#8243;][et_pb_column type=&#8221;4_4&#8243; _builder_version=&#8221;4.4.7&#8243;][et_pb_text _builder_version=&#8221;4.4.5&#8243; header_3_font=&#8221;|600|||||||&#8221; header_3_text_color=&#8221;#ffffff&#8221; header_3_font_size=&#8221;37px&#8221; header_3_line_height=&#8221;1.5em&#8221; custom_margin=&#8221;||8px|||&#8221; header_3_font_size_tablet=&#8221;&#8221; header_3_font_size_phone=&#8221;25px&#8221; header_3_font_size_last_edited=&#8221;on|phone&#8221;]<\/p>\n<h3 style=\"text-align: center;\">Atendimento:<\/h3>\n<p>[\/et_pb_text][et_pb_text _builder_version=&#8221;4.4.5&#8243; text_font=&#8221;|700|||||||&#8221; text_text_color=&#8221;#ffffff&#8221; text_font_size=&#8221;26px&#8221; text_orientation=&#8221;center&#8221; width=&#8221;100%&#8221; width_tablet=&#8221;&#8221; width_phone=&#8221;&#8221; width_last_edited=&#8221;on|desktop&#8221; max_width=&#8221;100%&#8221; module_alignment=&#8221;center&#8221; text_font_size_tablet=&#8221;&#8221; text_font_size_phone=&#8221;22px&#8221; text_font_size_last_edited=&#8221;on|phone&#8221;]<\/p>\n<p>(14) 3841-2966 | (14) 99634-9755 | WHATSAPP: (14) 99195-9777 \/ (14) 99153-4782<\/p>\n<p>[\/et_pb_text][\/et_pb_column][\/et_pb_row][\/et_pb_section][et_pb_section fb_built=&#8221;1&#8243; _builder_version=&#8221;4.4.7&#8243; custom_padding=&#8221;60px|||||&#8221; global_module=&#8221;2547&#8243;][et_pb_row _builder_version=&#8221;4.4.5&#8243;][et_pb_column type=&#8221;4_4&#8243; _builder_version=&#8221;4.4.7&#8243;][et_pb_text _builder_version=&#8221;4.4.5&#8243; text_font=&#8221;|800|||||||&#8221; text_text_color=&#8221;#0c71c3&#8243; text_font_size=&#8221;27px&#8221;]<\/p>\n<p style=\"text-align: center;\">SIMULADOR DE LINHAS DE CR\u00c9DITO:<\/p>\n<p>[\/et_pb_text][\/et_pb_column][\/et_pb_row][et_pb_row _builder_version=&#8221;4.4.5&#8243;][et_pb_column type=&#8221;4_4&#8243; _builder_version=&#8221;4.4.5&#8243;][et_pb_text _builder_version=&#8221;4.4.5&#8243;]<\/p>\n<p style=\"text-align: center;\"><a href=\"http:\/\/www8.caixa.gov.br\/siopiinternet\/simulaOperacaoInternet.do?method=inicializarCasoUso\"><img loading=\"lazy\" class=\"wp-image-2458 alignnone size-full\" src=\"https:\/\/masga.com.br\/novo\/wp-content\/uploads\/2021\/08\/01.jpg\" alt=\"\" width=\"110\" height=\"110\" srcset=\"https:\/\/masga.com.br\/novo\/wp-content\/uploads\/2021\/08\/01.jpg 110w, https:\/\/masga.com.br\/novo\/wp-content\/uploads\/2021\/08\/01-60x60.jpg 60w\" sizes=\"(max-width: 110px) 100vw, 110px\" \/><\/a>\u00a0 \u00a0 \u00a0 \u00a0 \u00a0 \u00a0 <a href=\"https:\/\/www.bb.com.br\/pbb\/pagina-inicial\/voce\/produtos-e-servicos\/financiamentos\/financiar-imoveis#\/\"><img loading=\"lazy\" class=\"wp-image-2459 alignnone size-large\" src=\"https:\/\/masga.com.br\/novo\/wp-content\/uploads\/2021\/08\/03.jpg\" alt=\"\" width=\"110\" height=\"110\" srcset=\"https:\/\/masga.com.br\/novo\/wp-content\/uploads\/2021\/08\/03.jpg 110w, https:\/\/masga.com.br\/novo\/wp-content\/uploads\/2021\/08\/03-60x60.jpg 60w\" sizes=\"(max-width: 110px) 100vw, 110px\" \/><\/a>\u00a0 \u00a0 \u00a0 \u00a0 \u00a0\u00a0 <a href=\"https:\/\/www.webcasas.com.br\/webcasas\/?headerandfooter\/#\/dados-pessoais\"><img loading=\"lazy\" class=\"wp-image-2460 alignnone size-large\" src=\"https:\/\/masga.com.br\/novo\/wp-content\/uploads\/2021\/08\/04.jpg\" alt=\"\" width=\"110\" height=\"110\" srcset=\"https:\/\/masga.com.br\/novo\/wp-content\/uploads\/2021\/08\/04.jpg 110w, https:\/\/masga.com.br\/novo\/wp-content\/uploads\/2021\/08\/04-60x60.jpg 60w\" sizes=\"(max-width: 110px) 100vw, 110px\" \/><\/a>\u00a0 \u00a0 \u00a0 \u00a0 \u00a0\u00a0 <a href=\"https:\/\/banco.bradesco\/html\/classic\/produtos-servicos\/emprestimo-e-financiamento\/encontre-seu-credito\/simuladores-imoveis.shtm#box1-comprar\"><img loading=\"lazy\" class=\"wp-image-2461 alignnone size-large\" src=\"https:\/\/masga.com.br\/novo\/wp-content\/uploads\/2021\/08\/02.jpg\" alt=\"\" width=\"110\" height=\"110\" srcset=\"https:\/\/masga.com.br\/novo\/wp-content\/uploads\/2021\/08\/02.jpg 110w, https:\/\/masga.com.br\/novo\/wp-content\/uploads\/2021\/08\/02-60x60.jpg 60w\" sizes=\"(max-width: 110px) 100vw, 110px\" \/><\/a>\u00a0 \u00a0 \u00a0 \u00a0 \u00a0 \u00a0 <img loading=\"lazy\" class=\"wp-image-2462 alignnone size-large\" src=\"https:\/\/masga.com.br\/novo\/wp-content\/uploads\/2021\/08\/05.jpg\" alt=\"\" width=\"110\" height=\"110\" srcset=\"https:\/\/masga.com.br\/novo\/wp-content\/uploads\/2021\/08\/05.jpg 110w, https:\/\/masga.com.br\/novo\/wp-content\/uploads\/2021\/08\/05-60x60.jpg 60w\" sizes=\"(max-width: 110px) 100vw, 110px\" \/><\/p>\n<p>[\/et_pb_text][\/et_pb_column][\/et_pb_row][\/et_pb_section][et_pb_section fb_built=&#8221;1&#8243; _builder_version=&#8221;4.4.5&#8243; background_color=&#8221;#0c71c3&#8243; background_color_gradient_direction=&#8221;218deg&#8221; background_enable_image=&#8221;off&#8221; background_position=&#8221;top_center&#8221; global_module=&#8221;2549&#8243;][et_pb_row _builder_version=&#8221;4.4.7&#8243; custom_padding=&#8221;||0px|||&#8221;][et_pb_column type=&#8221;4_4&#8243; _builder_version=&#8221;4.4.7&#8243;][et_pb_text _builder_version=&#8221;4.4.5&#8243; text_text_color=&#8221;#ffffff&#8221; text_font_size=&#8221;15px&#8221; header_3_font=&#8221;|700||on|||||&#8221; header_3_text_color=&#8221;#ffffff&#8221; header_3_font_size=&#8221;31px&#8221; header_3_letter_spacing=&#8221;2px&#8221; header_5_text_color=&#8221;#ffffff&#8221; header_5_font_size=&#8221;17px&#8221; text_orientation=&#8221;center&#8221; width=&#8221;55%&#8221; width_tablet=&#8221;&#8221; width_phone=&#8221;100%&#8221; width_last_edited=&#8221;on|phone&#8221; module_alignment=&#8221;center&#8221; header_3_font_size_tablet=&#8221;&#8221; header_3_font_size_phone=&#8221;22px&#8221; header_3_font_size_last_edited=&#8221;on|phone&#8221; header_5_font_size_tablet=&#8221;&#8221; header_5_font_size_phone=&#8221;15px&#8221; header_5_font_size_last_edited=&#8221;on|phone&#8221;]<\/p>\n<h5>Precisa de Ajuda?<\/h5>\n<h3>N\u00f3s ligamos para voc\u00ea!<\/h3>\n<p>[\/et_pb_text][et_pb_contact_form captcha=&#8221;off&#8221; email=&#8221; financeiro@masga.com.br&#8221; submit_button_text=&#8221;ME LIGUE DE VOLTA!&#8221; _builder_version=&#8221;4.4.5&#8243; form_field_background_color=&#8221;#ffffff&#8221; form_field_text_color=&#8221;rgba(0,0,0,0.52)&#8221; form_field_focus_text_color=&#8221;#000000&#8243; custom_button=&#8221;on&#8221; button_text_color=&#8221;#ffffff&#8221; button_bg_color=&#8221;#054182&#8243; button_border_color=&#8221;#ffffff&#8221; button_border_radius=&#8221;7px&#8221; button_letter_spacing=&#8221;1px&#8221; button_font=&#8221;|700||on|||||&#8221; button_icon=&#8221;%%264%%&#8221; button_on_hover=&#8221;off&#8221; button_custom_margin=&#8221;18px||||false|false&#8221; button_custom_padding=&#8221;6px||6px||true|false&#8221; custom_margin=&#8221;||||false|false&#8221; custom_css_contact_button=&#8221;width:525px !important;||transition:.3s ease;&#8221; border_radii=&#8221;on|5px|5px|5px|5px&#8221; button_bg_color__hover_enabled=&#8221;on|hover&#8221; button_text_color__hover_enabled=&#8221;on|hover&#8221; custom_css_contact_button__hover_enabled=&#8221;on|desktop&#8221; custom_css_contact_button__hover=&#8221;transform:scale(1.02)&#8221; button_bg_color__hover=&#8221;#ffffff&#8221; button_bg_enable_color__hover=&#8221;on&#8221; custom_css_contact_button_last_edited=&#8221;on|phone&#8221; custom_css_contact_button_tablet=&#8221;width:100% !Important&#8221;][et_pb_contact_field field_id=&#8221;Nome&#8221; field_title=&#8221;Nome&#8221; _builder_version=&#8221;4.4.5&#8243; button_text_size__hover_enabled=&#8221;off&#8221; button_one_text_size__hover_enabled=&#8221;off&#8221; button_two_text_size__hover_enabled=&#8221;off&#8221; button_text_color__hover_enabled=&#8221;off&#8221; button_one_text_color__hover_enabled=&#8221;off&#8221; button_two_text_color__hover_enabled=&#8221;off&#8221; button_border_width__hover_enabled=&#8221;off&#8221; button_one_border_width__hover_enabled=&#8221;off&#8221; button_two_border_width__hover_enabled=&#8221;off&#8221; button_border_color__hover_enabled=&#8221;off&#8221; button_one_border_color__hover_enabled=&#8221;off&#8221; button_two_border_color__hover_enabled=&#8221;off&#8221; button_border_radius__hover_enabled=&#8221;off&#8221; button_one_border_radius__hover_enabled=&#8221;off&#8221; button_two_border_radius__hover_enabled=&#8221;off&#8221; button_letter_spacing__hover_enabled=&#8221;off&#8221; button_one_letter_spacing__hover_enabled=&#8221;off&#8221; button_two_letter_spacing__hover_enabled=&#8221;off&#8221; button_bg_color__hover_enabled=&#8221;off&#8221; button_one_bg_color__hover_enabled=&#8221;off&#8221; button_two_bg_color__hover_enabled=&#8221;off&#8221;][\/et_pb_contact_field][et_pb_contact_field field_id=&#8221;Email&#8221; field_title=&#8221;E-Mail&#8221; field_type=&#8221;email&#8221; _builder_version=&#8221;4.4.5&#8243; button_text_size__hover_enabled=&#8221;off&#8221; button_one_text_size__hover_enabled=&#8221;off&#8221; button_two_text_size__hover_enabled=&#8221;off&#8221; button_text_color__hover_enabled=&#8221;off&#8221; button_one_text_color__hover_enabled=&#8221;off&#8221; button_two_text_color__hover_enabled=&#8221;off&#8221; button_border_width__hover_enabled=&#8221;off&#8221; button_one_border_width__hover_enabled=&#8221;off&#8221; button_two_border_width__hover_enabled=&#8221;off&#8221; button_border_color__hover_enabled=&#8221;off&#8221; button_one_border_color__hover_enabled=&#8221;off&#8221; button_two_border_color__hover_enabled=&#8221;off&#8221; button_border_radius__hover_enabled=&#8221;off&#8221; button_one_border_radius__hover_enabled=&#8221;off&#8221; button_two_border_radius__hover_enabled=&#8221;off&#8221; button_letter_spacing__hover_enabled=&#8221;off&#8221; button_one_letter_spacing__hover_enabled=&#8221;off&#8221; button_two_letter_spacing__hover_enabled=&#8221;off&#8221; button_bg_color__hover_enabled=&#8221;off&#8221; button_one_bg_color__hover_enabled=&#8221;off&#8221; button_two_bg_color__hover_enabled=&#8221;off&#8221;][\/et_pb_contact_field][et_pb_contact_field field_id=&#8221;Telefone&#8221; field_title=&#8221;Telefone (Whatsapp)&#8221; _builder_version=&#8221;4.4.5&#8243;][\/et_pb_contact_field][\/et_pb_contact_form][\/et_pb_column][\/et_pb_row][\/et_pb_section][et_pb_section fb_built=&#8221;1&#8243; _builder_version=&#8221;4.4.5&#8243; global_module=&#8221;2550&#8243;][et_pb_row _builder_version=&#8221;4.4.5&#8243; width=&#8221;90%&#8221; max_width=&#8221;1280px&#8221;][et_pb_column type=&#8221;4_4&#8243; _builder_version=&#8221;4.4.5&#8243;][et_pb_code _builder_version=&#8221;4.4.5&#8243; max_width=&#8221;1280px&#8221;]<div id=\"metaslider-id-106\" style=\"width: 100%; margin: 0 auto;\" class=\"ml-slider-3-22-1 metaslider metaslider-flex metaslider-106 ml-slider\">\n    <div id=\"metaslider_container_106\">\n        <div id=\"metaslider_106\">\n            <ul aria-live=\"polite\" class=\"slides\">\n                <li style=\"display: none; width: 100%;\" class=\"slide-2445 ms-image\"><img src=\"https:\/\/masga.com.br\/novo\/wp-content\/uploads\/2021\/01\/sempre-200x0.jpg\" height=\"0\" width=\"200\" alt=\"\" class=\"slider-106 slide-2445\" title=\"sempre\" \/><\/li>\n                <li style=\"display: none; width: 100%;\" class=\"slide-2446 ms-image\"><img src=\"https:\/\/masga.com.br\/novo\/wp-content\/uploads\/2021\/01\/uno2-200x0.jpg\" height=\"0\" width=\"200\" alt=\"\" class=\"slider-106 slide-2446\" title=\"uno2\" \/><\/li>\n                <li style=\"display: none; width: 100%;\" class=\"slide-2448 ms-image\"><img src=\"https:\/\/masga.com.br\/novo\/wp-content\/uploads\/2021\/01\/dot-200x0.jpg\" height=\"0\" width=\"200\" alt=\"\" class=\"slider-106 slide-2448\" title=\"dot\" \/><\/li>\n                <li style=\"display: none; width: 100%;\" class=\"slide-2449 ms-image\"><img src=\"https:\/\/masga.com.br\/novo\/wp-content\/uploads\/2021\/01\/imobiliaria_saomanuel-200x0.jpg\" height=\"0\" width=\"200\" alt=\"\" class=\"slider-106 slide-2449\" title=\"imobiliaria_saomanuel\" \/><\/li>\n                <li style=\"display: none; width: 100%;\" class=\"slide-2456 ms-image\"><img src=\"https:\/\/masga.com.br\/novo\/wp-content\/uploads\/2021\/01\/botupapel-200x0.jpg\" height=\"0\" width=\"200\" alt=\"\" class=\"slider-106 slide-2456\" title=\"botupapel\" \/><\/li>\n                <li style=\"display: none; width: 100%;\" class=\"slide-2451 ms-image\"><img src=\"https:\/\/masga.com.br\/novo\/wp-content\/uploads\/2021\/01\/grf-200x0.jpg\" height=\"0\" width=\"200\" alt=\"\" class=\"slider-106 slide-2451\" title=\"grf\" \/><\/li>\n                <li style=\"display: none; width: 100%;\" class=\"slide-2452 ms-image\"><img src=\"https:\/\/masga.com.br\/novo\/wp-content\/uploads\/2021\/01\/05-200x0.jpg\" height=\"0\" width=\"200\" alt=\"\" class=\"slider-106 slide-2452\" title=\"05\" \/><\/li>\n            <\/ul>\n        <\/div>\n        \n    <\/div>\n<\/div>[\/et_pb_code][\/et_pb_column][\/et_pb_row][\/et_pb_section]<\/p>\n<div style=\"padding-bottom:20px; padding-top:10px;\" class=\"hupso-share-buttons\"><!-- Hupso Share Buttons - https:\/\/www.hupso.com\/share\/ --><a class=\"hupso_counters\" href=\"https:\/\/www.hupso.com\/share\/\"><img src=\"https:\/\/static.hupso.com\/share\/buttons\/dot.png\" style=\"border:0px; padding-top:2px; float:left;\" alt=\"Share Button\"\/><\/a><script type=\"text\/javascript\">var hupso_services_c=new Array(\"twitter\",\"facebook_like\",\"facebook_send\",\"google\",\"pinterest\",\"email\",\"print\",\"linkedin\");var hupso_counters_lang = \"pt_BR\";var hupso_image_folder_url = \"\";var hupso_url_c=\"\";var hupso_title_c=\"Servi%C3%A7os\";<\/script><script type=\"text\/javascript\" src=\"https:\/\/static.hupso.com\/share\/js\/counters.js\"><\/script><!-- Hupso Share Buttons --><\/div>","protected":false},"excerpt":{"rendered":"<p>[et_pb_section fb_built=&#8221;1&#8243; _builder_version=&#8221;4.4.5&#8243; background_image=&#8221;https:\/\/masga.com.br\/novo\/wp-content\/uploads\/2021\/08\/site_masga_bg.jpg&#8221; background_position=&#8221;bottom_center&#8221;][et_pb_row _builder_version=&#8221;4.4.5&#8243; custom_padding=&#8221;||199px|||&#8221;][et_pb_column type=&#8221;4_4&#8243; _builder_version=&#8221;4.4.5&#8243;][et_pb_post_title meta=&#8221;off&#8221; featured_image=&#8221;off&#8221; _builder_version=&#8221;4.4.5&#8243; title_font=&#8221;Roboto|900||on|||||&#8221; title_text_align=&#8221;center&#8221; title_font_size=&#8221;65px&#8221; title_font_size_tablet=&#8221;&#8221; title_font_size_phone=&#8221;&#8221; title_font_size_last_edited=&#8221;on|desktop&#8221;][\/et_pb_post_title][\/et_pb_column][\/et_pb_row][\/et_pb_section][et_pb_section fb_built=&#8221;1&#8243; _builder_version=&#8221;4.4.5&#8243; background_color=&#8221;#606062&#8243;][et_pb_row _builder_version=&#8221;4.4.5&#8243;][et_pb_column type=&#8221;4_4&#8243; _builder_version=&#8221;4.4.5&#8243;][et_pb_text _builder_version=&#8221;4.4.5&#8243; background_layout=&#8221;dark&#8221; hover_enabled=&#8221;0&#8243;] Engenharia Civil\u00a0 Desenvolvimento de Projetos, C\u00e1lculos, Servi\u00e7os de Topografia, Assessoria T\u00e9cnica Especializada. Estudo de viabilidade do seu projeto, deste o levantamento de seus documentos at\u00e9 as etapas construtivas, [&hellip;]<\/p>\n","protected":false},"author":1,"featured_media":0,"parent":0,"menu_order":0,"comment_status":"closed","ping_status":"closed","template":"","meta":{"_et_pb_use_builder":"on","_et_pb_old_content":"","_et_gb_content_width":""},"_links":{"self":[{"href":"https:\/\/masga.com.br\/novo\/wp-json\/wp\/v2\/pages\/2602"}],"collection":[{"href":"https:\/\/masga.com.br\/novo\/wp-json\/wp\/v2\/pages"}],"about":[{"href":"https:\/\/masga.com.br\/novo\/wp-json\/wp\/v2\/types\/page"}],"author":[{"embeddable":true,"href":"https:\/\/masga.com.br\/novo\/wp-json\/wp\/v2\/users\/1"}],"replies":[{"embeddable":true,"href":"https:\/\/masga.com.br\/novo\/wp-json\/wp\/v2\/comments?post=2602"}],"version-history":[{"count":3,"href":"https:\/\/masga.com.br\/novo\/wp-json\/wp\/v2\/pages\/2602\/revisions"}],"predecessor-version":[{"id":2607,"href":"https:\/\/masga.com.br\/novo\/wp-json\/wp\/v2\/pages\/2602\/revisions\/2607"}],"wp:attachment":[{"href":"https:\/\/masga.com.br\/novo\/wp-json\/wp\/v2\/media?parent=2602"}],"curies":[{"name":"wp","href":"https:\/\/api.w.org\/{rel}","templated":true}]}}